{"id":29397,"date":"2012-10-22T14:20:59","date_gmt":"2012-10-22T12:20:59","guid":{"rendered":"http:\/\/www.berriozar.es\/kokapena\/"},"modified":"2012-10-22T14:20:59","modified_gmt":"2012-10-22T12:20:59","slug":"kokapena","status":"publish","type":"page","link":"https:\/\/www.berriozar.es\/eu\/lekua-eta-jendea\/geografia\/kokapena\/","title":{"rendered":"Kokapena"},"content":{"rendered":"<p>Berriozar Iru\u00f1errian dago, Iru\u00f1etik ipar-mendebaldera, Arga ibaiaren eskuineko ertzean, hiriburutik 6 kilometrotara.\u00a02,7\u00a0<abbr title=\"kilometro\">km<\/abbr>\u00a0koadroko azalera eta itsas mailaren araberako 428 metroko altitudea dauzka (udaletxea erreferentziatzat hartuta). Udal-barrutiaren mugak honakoak dira: iparrean Ezkabarte, ipar-mendebaldean Aitzoain, ekialdean Artika eta\u00a0hegoan Iru\u00f1ea. Kokapen geologikoari dagokionez, Berriozar, Iru\u00f1erri osoa bezala, Jaka-Iru\u00f1ea izeneko arro tertziarioan dago.<\/p>\n<p>Gure herria Ezkaba mendiaren\u00a0oinean dago. Mendi horren gainean\u00a0Alfoso XII izeneko gotorlekua eraiki zuten.\u00a0Iru\u00f1erriko jendeak bai gotorlekua, bai mendia bera ere, &#8220;San Cristobal-Ezkaba&#8221; deitzen ditu, lehen\u00a0santu horren izena zuen baseliza baitzegoen bertan.<\/p>\n","protected":false},"excerpt":{"rendered":"<p>Berriozar Iru\u00f1errian dago, Iru\u00f1etik ipar-mendebaldera, Arga ibaiaren eskuineko ertzean, hiriburutik 6 kilometrotara.\u00a02,7\u00a0km\u00a0koadroko azalera eta itsas mailaren araberako 428 metroko altitudea dauzka (udaletxea erreferentziatzat hartuta). Udal-barrutiaren mugak honakoak dira: iparrean Ezkabarte, ipar-mendebaldean Aitzoain, ekialdean Artika eta\u00a0hegoan Iru\u00f1ea. Kokapen geologikoari dagokionez, Berriozar, Iru\u00f1erri osoa bezala, Jaka-Iru\u00f1ea izeneko arro tertziarioan dago. Gure herria Ezkaba mendiaren\u00a0oinean dago. Mendi horren [&hellip;]<\/p>\n","protected":false},"author":8,"featured_media":0,"parent":29395,"menu_order":8,"comment_status":"closed","ping_status":"closed","template":"","meta":{"_exactmetrics_skip_tracking":false,"_exactmetrics_sitenote_active":false,"_exactmetrics_sitenote_note":"","_exactmetrics_sitenote_category":0,"footnotes":""},"yoast_head":"<!-- This site is optimized with the Yoast SEO plugin v22.8 - https:\/\/yoast.com\/wordpress\/plugins\/seo\/ -->\r\n<title>Kokapena - Ayuntamiento de Berriozar \/ Berriozarko Udala<\/title>\r\n<meta name=\"robots\" content=\"index, follow, max-snippet:-1, max-image-preview:large, max-video-preview:-1\" \/>\r\n<link rel=\"canonical\" href=\"https:\/\/www.berriozar.es\/eu\/lekua-eta-jendea\/geografia\/kokapena\/\" \/>\r\n<meta property=\"og:locale\" content=\"eu_ES\" \/>\r\n<meta property=\"og:type\" content=\"article\" \/>\r\n<meta property=\"og:title\" content=\"Kokapena - Ayuntamiento de Berriozar \/ Berriozarko Udala\" \/>\r\n<meta property=\"og:description\" content=\"Berriozar Iru\u00f1errian dago, Iru\u00f1etik ipar-mendebaldera, Arga ibaiaren eskuineko ertzean, hiriburutik 6 kilometrotara.\u00a02,7\u00a0km\u00a0koadroko azalera eta itsas mailaren araberako 428 metroko altitudea dauzka (udaletxea erreferentziatzat hartuta). Udal-barrutiaren mugak honakoak dira: iparrean Ezkabarte, ipar-mendebaldean Aitzoain, ekialdean Artika eta\u00a0hegoan Iru\u00f1ea. Kokapen geologikoari dagokionez, Berriozar, Iru\u00f1erri osoa bezala, Jaka-Iru\u00f1ea izeneko arro tertziarioan dago. Gure herria Ezkaba mendiaren\u00a0oinean dago. Mendi horren [&hellip;]\" \/>\r\n<meta property=\"og:url\" content=\"https:\/\/www.berriozar.es\/eu\/lekua-eta-jendea\/geografia\/kokapena\/\" \/>\r\n<meta property=\"og:site_name\" content=\"Ayuntamiento de Berriozar \/ Berriozarko Udala\" \/>\r\n<meta name=\"twitter:card\" content=\"summary_large_image\" \/>\r\n<script type=\"application\/ld+json\" class=\"yoast-schema-graph\">{\"@context\":\"https:\/\/schema.org\",\"@graph\":[{\"@type\":\"WebPage\",\"@id\":\"https:\/\/www.berriozar.es\/eu\/lekua-eta-jendea\/geografia\/kokapena\/\",\"url\":\"https:\/\/www.berriozar.es\/eu\/lekua-eta-jendea\/geografia\/kokapena\/\",\"name\":\"Kokapena - Ayuntamiento de Berriozar \/ Berriozarko Udala\",\"isPartOf\":{\"@id\":\"https:\/\/www.berriozar.es\/#website\"},\"datePublished\":\"2012-10-22T12:20:59+00:00\",\"dateModified\":\"2012-10-22T12:20:59+00:00\",\"breadcrumb\":{\"@id\":\"https:\/\/www.berriozar.es\/eu\/lekua-eta-jendea\/geografia\/kokapena\/#breadcrumb\"},\"inLanguage\":\"eu-ES\",\"potentialAction\":[{\"@type\":\"ReadAction\",\"target\":[\"https:\/\/www.berriozar.es\/eu\/lekua-eta-jendea\/geografia\/kokapena\/\"]}]},{\"@type\":\"BreadcrumbList\",\"@id\":\"https:\/\/www.berriozar.es\/eu\/lekua-eta-jendea\/geografia\/kokapena\/#breadcrumb\",\"itemListElement\":[{\"@type\":\"ListItem\",\"position\":1,\"name\":\"Portada\",\"item\":\"https:\/\/www.berriozar.es\/\"},{\"@type\":\"ListItem\",\"position\":2,\"name\":\"Lekua eta jendea\",\"item\":\"https:\/\/www.berriozar.es\/eu\/lekua-eta-jendea\/\"},{\"@type\":\"ListItem\",\"position\":3,\"name\":\"Geografia\",\"item\":\"https:\/\/www.berriozar.es\/eu\/lekua-eta-jendea\/geografia\/\"},{\"@type\":\"ListItem\",\"position\":4,\"name\":\"Kokapena\"}]},{\"@type\":\"WebSite\",\"@id\":\"https:\/\/www.berriozar.es\/#website\",\"url\":\"https:\/\/www.berriozar.es\/\",\"name\":\"Ayuntamiento de Berriozar \/ Berriozarko Udala\",\"description\":\"Ayuntamiento de Berriozar \/ Berriozarko Udala\",\"potentialAction\":[{\"@type\":\"SearchAction\",\"target\":{\"@type\":\"EntryPoint\",\"urlTemplate\":\"https:\/\/www.berriozar.es\/?s={search_term_string}\"},\"query-input\":\"required name=search_term_string\"}],\"inLanguage\":\"eu-ES\"}]}<\/script>\r\n<!-- \/ Yoast SEO plugin. -->","yoast_head_json":{"title":"Kokapena - Ayuntamiento de Berriozar \/ Berriozarko Udala","robots":{"index":"index","follow":"follow","max-snippet":"max-snippet:-1","max-image-preview":"max-image-preview:large","max-video-preview":"max-video-preview:-1"},"canonical":"https:\/\/www.berriozar.es\/eu\/lekua-eta-jendea\/geografia\/kokapena\/","og_locale":"eu_ES","og_type":"article","og_title":"Kokapena - Ayuntamiento de Berriozar \/ Berriozarko Udala","og_description":"Berriozar Iru\u00f1errian dago, Iru\u00f1etik ipar-mendebaldera, Arga ibaiaren eskuineko ertzean, hiriburutik 6 kilometrotara.\u00a02,7\u00a0km\u00a0koadroko azalera eta itsas mailaren araberako 428 metroko altitudea dauzka (udaletxea erreferentziatzat hartuta). Udal-barrutiaren mugak honakoak dira: iparrean Ezkabarte, ipar-mendebaldean Aitzoain, ekialdean Artika eta\u00a0hegoan Iru\u00f1ea. Kokapen geologikoari dagokionez, Berriozar, Iru\u00f1erri osoa bezala, Jaka-Iru\u00f1ea izeneko arro tertziarioan dago. Gure herria Ezkaba mendiaren\u00a0oinean dago. Mendi horren [&hellip;]","og_url":"https:\/\/www.berriozar.es\/eu\/lekua-eta-jendea\/geografia\/kokapena\/","og_site_name":"Ayuntamiento de Berriozar \/ Berriozarko Udala","twitter_card":"summary_large_image","schema":{"@context":"https:\/\/schema.org","@graph":[{"@type":"WebPage","@id":"https:\/\/www.berriozar.es\/eu\/lekua-eta-jendea\/geografia\/kokapena\/","url":"https:\/\/www.berriozar.es\/eu\/lekua-eta-jendea\/geografia\/kokapena\/","name":"Kokapena - Ayuntamiento de Berriozar \/ Berriozarko Udala","isPartOf":{"@id":"https:\/\/www.berriozar.es\/#website"},"datePublished":"2012-10-22T12:20:59+00:00","dateModified":"2012-10-22T12:20:59+00:00","breadcrumb":{"@id":"https:\/\/www.berriozar.es\/eu\/lekua-eta-jendea\/geografia\/kokapena\/#breadcrumb"},"inLanguage":"eu-ES","potentialAction":[{"@type":"ReadAction","target":["https:\/\/www.berriozar.es\/eu\/lekua-eta-jendea\/geografia\/kokapena\/"]}]},{"@type":"BreadcrumbList","@id":"https:\/\/www.berriozar.es\/eu\/lekua-eta-jendea\/geografia\/kokapena\/#breadcrumb","itemListElement":[{"@type":"ListItem","position":1,"name":"Portada","item":"https:\/\/www.berriozar.es\/"},{"@type":"ListItem","position":2,"name":"Lekua eta jendea","item":"https:\/\/www.berriozar.es\/eu\/lekua-eta-jendea\/"},{"@type":"ListItem","position":3,"name":"Geografia","item":"https:\/\/www.berriozar.es\/eu\/lekua-eta-jendea\/geografia\/"},{"@type":"ListItem","position":4,"name":"Kokapena"}]},{"@type":"WebSite","@id":"https:\/\/www.berriozar.es\/#website","url":"https:\/\/www.berriozar.es\/","name":"Ayuntamiento de Berriozar \/ Berriozarko Udala","description":"Ayuntamiento de Berriozar \/ Berriozarko Udala","potentialAction":[{"@type":"SearchAction","target":{"@type":"EntryPoint","urlTemplate":"https:\/\/www.berriozar.es\/?s={search_term_string}"},"query-input":"required name=search_term_string"}],"inLanguage":"eu-ES"}]}},"_links":{"self":[{"href":"https:\/\/www.berriozar.es\/eu\/wp-json\/wp\/v2\/pages\/29397"}],"collection":[{"href":"https:\/\/www.berriozar.es\/eu\/wp-json\/wp\/v2\/pages"}],"about":[{"href":"https:\/\/www.berriozar.es\/eu\/wp-json\/wp\/v2\/types\/page"}],"author":[{"embeddable":true,"href":"https:\/\/www.berriozar.es\/eu\/wp-json\/wp\/v2\/users\/8"}],"replies":[{"embeddable":true,"href":"https:\/\/www.berriozar.es\/eu\/wp-json\/wp\/v2\/comments?post=29397"}],"version-history":[{"count":0,"href":"https:\/\/www.berriozar.es\/eu\/wp-json\/wp\/v2\/pages\/29397\/revisions"}],"up":[{"embeddable":true,"href":"https:\/\/www.berriozar.es\/eu\/wp-json\/wp\/v2\/pages\/29395"}],"wp:attachment":[{"href":"https:\/\/www.berriozar.es\/eu\/wp-json\/wp\/v2\/media?parent=29397"}],"curies":[{"name":"wp","href":"https:\/\/api.w.org\/{rel}","templated":true}]}}