{"id":34608,"date":"2022-12-01T15:18:38","date_gmt":"2022-12-01T14:18:38","guid":{"rendered":"https:\/\/www.berriozar.es\/?page_id=34608"},"modified":"2022-12-01T15:20:03","modified_gmt":"2022-12-01T14:20:03","slug":"argitaratu-beharreko-beste-eduki-batzuk","status":"publish","type":"page","link":"https:\/\/www.berriozar.es\/eu\/gardetasun\/argitaratu-beharreko-beste-eduki-batzuk\/","title":{"rendered":"Argitaratu beharreko beste eduki batzuk"},"content":{"rendered":"<p><strong>En esta secci\u00f3n encontrar\u00e1s informaci\u00f3n sobre la inversi\u00f3n publicitaria anual y las solicitudes de informaci\u00f3n p\u00fablica que m\u00e1s se repiten.<\/strong><\/p>\n<ul>\n<li>Inversi\u00f3n Publicitaria.<\/li>\n<li>Anuncios Oficiales.<\/li>\n<li>Participaci\u00f3n Ciudadana.<\/li>\n<li>\u2026<\/li>\n<li><a href=\"https:\/\/gobiernoabierto.navarra.es\/es\/transparencia\/solicitud-informacion-publica\/que-es\/como-acceder\/formulario\" target=\"_blank\" rel=\"noopener\">Solicitud de informaci\u00f3n p\u00fablica.<\/a><\/li>\n<\/ul>\n","protected":false},"excerpt":{"rendered":"<p>En esta secci\u00f3n encontrar\u00e1s informaci\u00f3n sobre la inversi\u00f3n publicitaria anual y las solicitudes de informaci\u00f3n p\u00fablica que m\u00e1s se repiten. Inversi\u00f3n Publicitaria. Anuncios Oficiales. Participaci\u00f3n Ciudadana. \u2026 Solicitud de informaci\u00f3n p\u00fablica.<\/p>\n","protected":false},"author":61,"featured_media":0,"parent":32997,"menu_order":0,"comment_status":"closed","ping_status":"closed","template":"","meta":{"_exactmetrics_skip_tracking":false,"_exactmetrics_sitenote_active":false,"_exactmetrics_sitenote_note":"","_exactmetrics_sitenote_category":0,"footnotes":""},"yoast_head":"<!-- This site is optimized with the Yoast SEO plugin v22.8 - https:\/\/yoast.com\/wordpress\/plugins\/seo\/ -->\r\n<title>Argitaratu beharreko beste eduki batzuk - Ayuntamiento de Berriozar \/ Berriozarko Udala<\/title>\r\n<meta name=\"robots\" content=\"index, follow, max-snippet:-1, max-image-preview:large, max-video-preview:-1\" \/>\r\n<link rel=\"canonical\" href=\"https:\/\/www.berriozar.es\/eu\/gardetasun\/argitaratu-beharreko-beste-eduki-batzuk\/\" \/>\r\n<meta property=\"og:locale\" content=\"eu_ES\" \/>\r\n<meta property=\"og:type\" content=\"article\" \/>\r\n<meta property=\"og:title\" content=\"Argitaratu beharreko beste eduki batzuk - Ayuntamiento de Berriozar \/ Berriozarko Udala\" \/>\r\n<meta property=\"og:description\" content=\"En esta secci\u00f3n encontrar\u00e1s informaci\u00f3n sobre la inversi\u00f3n publicitaria anual y las solicitudes de informaci\u00f3n p\u00fablica que m\u00e1s se repiten. Inversi\u00f3n Publicitaria. Anuncios Oficiales. Participaci\u00f3n Ciudadana. \u2026 Solicitud de informaci\u00f3n p\u00fablica.\" \/>\r\n<meta property=\"og:url\" content=\"https:\/\/www.berriozar.es\/eu\/gardetasun\/argitaratu-beharreko-beste-eduki-batzuk\/\" \/>\r\n<meta property=\"og:site_name\" content=\"Ayuntamiento de Berriozar \/ Berriozarko Udala\" \/>\r\n<meta property=\"article:modified_time\" content=\"2022-12-01T14:20:03+00:00\" \/>\r\n<meta name=\"twitter:card\" content=\"summary_large_image\" \/>\r\n<meta name=\"twitter:label1\" content=\"Est. reading time\" \/>\n\t<meta name=\"twitter:data1\" content=\"1 minute\" \/>\r\n<script type=\"application\/ld+json\" class=\"yoast-schema-graph\">{\"@context\":\"https:\/\/schema.org\",\"@graph\":[{\"@type\":\"WebPage\",\"@id\":\"https:\/\/www.berriozar.es\/eu\/gardetasun\/argitaratu-beharreko-beste-eduki-batzuk\/\",\"url\":\"https:\/\/www.berriozar.es\/eu\/gardetasun\/argitaratu-beharreko-beste-eduki-batzuk\/\",\"name\":\"Argitaratu beharreko beste eduki batzuk - Ayuntamiento de Berriozar \/ Berriozarko Udala\",\"isPartOf\":{\"@id\":\"https:\/\/www.berriozar.es\/#website\"},\"datePublished\":\"2022-12-01T14:18:38+00:00\",\"dateModified\":\"2022-12-01T14:20:03+00:00\",\"breadcrumb\":{\"@id\":\"https:\/\/www.berriozar.es\/eu\/gardetasun\/argitaratu-beharreko-beste-eduki-batzuk\/#breadcrumb\"},\"inLanguage\":\"eu-ES\",\"potentialAction\":[{\"@type\":\"ReadAction\",\"target\":[\"https:\/\/www.berriozar.es\/eu\/gardetasun\/argitaratu-beharreko-beste-eduki-batzuk\/\"]}]},{\"@type\":\"BreadcrumbList\",\"@id\":\"https:\/\/www.berriozar.es\/eu\/gardetasun\/argitaratu-beharreko-beste-eduki-batzuk\/#breadcrumb\",\"itemListElement\":[{\"@type\":\"ListItem\",\"position\":1,\"name\":\"Portada\",\"item\":\"https:\/\/www.berriozar.es\/\"},{\"@type\":\"ListItem\",\"position\":2,\"name\":\"Gardetasuna\",\"item\":\"https:\/\/www.berriozar.es\/eu\/gardetasun\/\"},{\"@type\":\"ListItem\",\"position\":3,\"name\":\"Argitaratu beharreko beste eduki batzuk\"}]},{\"@type\":\"WebSite\",\"@id\":\"https:\/\/www.berriozar.es\/#website\",\"url\":\"https:\/\/www.berriozar.es\/\",\"name\":\"Ayuntamiento de Berriozar \/ Berriozarko Udala\",\"description\":\"Ayuntamiento de Berriozar \/ Berriozarko Udala\",\"potentialAction\":[{\"@type\":\"SearchAction\",\"target\":{\"@type\":\"EntryPoint\",\"urlTemplate\":\"https:\/\/www.berriozar.es\/?s={search_term_string}\"},\"query-input\":\"required name=search_term_string\"}],\"inLanguage\":\"eu-ES\"}]}<\/script>\r\n<!-- \/ Yoast SEO plugin. -->","yoast_head_json":{"title":"Argitaratu beharreko beste eduki batzuk - Ayuntamiento de Berriozar \/ Berriozarko Udala","robots":{"index":"index","follow":"follow","max-snippet":"max-snippet:-1","max-image-preview":"max-image-preview:large","max-video-preview":"max-video-preview:-1"},"canonical":"https:\/\/www.berriozar.es\/eu\/gardetasun\/argitaratu-beharreko-beste-eduki-batzuk\/","og_locale":"eu_ES","og_type":"article","og_title":"Argitaratu beharreko beste eduki batzuk - Ayuntamiento de Berriozar \/ Berriozarko Udala","og_description":"En esta secci\u00f3n encontrar\u00e1s informaci\u00f3n sobre la inversi\u00f3n publicitaria anual y las solicitudes de informaci\u00f3n p\u00fablica que m\u00e1s se repiten. Inversi\u00f3n Publicitaria. Anuncios Oficiales. Participaci\u00f3n Ciudadana. \u2026 Solicitud de informaci\u00f3n p\u00fablica.","og_url":"https:\/\/www.berriozar.es\/eu\/gardetasun\/argitaratu-beharreko-beste-eduki-batzuk\/","og_site_name":"Ayuntamiento de Berriozar \/ Berriozarko Udala","article_modified_time":"2022-12-01T14:20:03+00:00","twitter_card":"summary_large_image","twitter_misc":{"Est. reading time":"1 minute"},"schema":{"@context":"https:\/\/schema.org","@graph":[{"@type":"WebPage","@id":"https:\/\/www.berriozar.es\/eu\/gardetasun\/argitaratu-beharreko-beste-eduki-batzuk\/","url":"https:\/\/www.berriozar.es\/eu\/gardetasun\/argitaratu-beharreko-beste-eduki-batzuk\/","name":"Argitaratu beharreko beste eduki batzuk - Ayuntamiento de Berriozar \/ Berriozarko Udala","isPartOf":{"@id":"https:\/\/www.berriozar.es\/#website"},"datePublished":"2022-12-01T14:18:38+00:00","dateModified":"2022-12-01T14:20:03+00:00","breadcrumb":{"@id":"https:\/\/www.berriozar.es\/eu\/gardetasun\/argitaratu-beharreko-beste-eduki-batzuk\/#breadcrumb"},"inLanguage":"eu-ES","potentialAction":[{"@type":"ReadAction","target":["https:\/\/www.berriozar.es\/eu\/gardetasun\/argitaratu-beharreko-beste-eduki-batzuk\/"]}]},{"@type":"BreadcrumbList","@id":"https:\/\/www.berriozar.es\/eu\/gardetasun\/argitaratu-beharreko-beste-eduki-batzuk\/#breadcrumb","itemListElement":[{"@type":"ListItem","position":1,"name":"Portada","item":"https:\/\/www.berriozar.es\/"},{"@type":"ListItem","position":2,"name":"Gardetasuna","item":"https:\/\/www.berriozar.es\/eu\/gardetasun\/"},{"@type":"ListItem","position":3,"name":"Argitaratu beharreko beste eduki batzuk"}]},{"@type":"WebSite","@id":"https:\/\/www.berriozar.es\/#website","url":"https:\/\/www.berriozar.es\/","name":"Ayuntamiento de Berriozar \/ Berriozarko Udala","description":"Ayuntamiento de Berriozar \/ Berriozarko Udala","potentialAction":[{"@type":"SearchAction","target":{"@type":"EntryPoint","urlTemplate":"https:\/\/www.berriozar.es\/?s={search_term_string}"},"query-input":"required name=search_term_string"}],"inLanguage":"eu-ES"}]}},"_links":{"self":[{"href":"https:\/\/www.berriozar.es\/eu\/wp-json\/wp\/v2\/pages\/34608"}],"collection":[{"href":"https:\/\/www.berriozar.es\/eu\/wp-json\/wp\/v2\/pages"}],"about":[{"href":"https:\/\/www.berriozar.es\/eu\/wp-json\/wp\/v2\/types\/page"}],"author":[{"embeddable":true,"href":"https:\/\/www.berriozar.es\/eu\/wp-json\/wp\/v2\/users\/61"}],"replies":[{"embeddable":true,"href":"https:\/\/www.berriozar.es\/eu\/wp-json\/wp\/v2\/comments?post=34608"}],"version-history":[{"count":4,"href":"https:\/\/www.berriozar.es\/eu\/wp-json\/wp\/v2\/pages\/34608\/revisions"}],"predecessor-version":[{"id":34648,"href":"https:\/\/www.berriozar.es\/eu\/wp-json\/wp\/v2\/pages\/34608\/revisions\/34648"}],"up":[{"embeddable":true,"href":"https:\/\/www.berriozar.es\/eu\/wp-json\/wp\/v2\/pages\/32997"}],"wp:attachment":[{"href":"https:\/\/www.berriozar.es\/eu\/wp-json\/wp\/v2\/media?parent=34608"}],"curies":[{"name":"wp","href":"https:\/\/api.w.org\/{rel}","templated":true}]}}